{"id":8,"date":"2020-11-15T17:00:53","date_gmt":"2020-11-15T17:00:53","guid":{"rendered":"http:\/\/adlc18.org\/?page_id=8"},"modified":"2021-01-01T23:23:29","modified_gmt":"2021-01-01T23:23:29","slug":"home","status":"publish","type":"page","link":"https:\/\/adlc18.org\/","title":{"rendered":"Home"},"content":{"rendered":"\n<figure class=\"wp-block-image\"><img loading=\"lazy\" width=\"1024\" height=\"683\" src=\"https:\/\/adlc18.org\/wp-content\/uploads\/2021\/01\/41f6d14f-feb0-4fce-a4ee-20f80c3ab94e-1024x683.jpg\" alt=\"\" class=\"wp-image-610\" srcset=\"https:\/\/adlc18.org\/wp-content\/uploads\/2021\/01\/41f6d14f-feb0-4fce-a4ee-20f80c3ab94e.jpg 1024w, https:\/\/adlc18.org\/wp-content\/uploads\/2021\/01\/41f6d14f-feb0-4fce-a4ee-20f80c3ab94e-300x200.jpg 300w, https:\/\/adlc18.org\/wp-content\/uploads\/2021\/01\/41f6d14f-feb0-4fce-a4ee-20f80c3ab94e-768x512.jpg 768w\" sizes=\"(max-width: 1024px) 100vw, 1024px\" \/><figcaption>Happy New Year!<\/figcaption><\/figure>\n\n\n\n<h2>Sneak and Pick<\/h2>\n\n\n\n<figure class=\"wp-block-image\"><img loading=\"lazy\" width=\"705\" height=\"1024\" src=\"https:\/\/adlc18.org\/wp-content\/uploads\/2020\/12\/IMG_0724-copy-1-705x1024.jpg\" alt=\"\" class=\"wp-image-597\" srcset=\"https:\/\/adlc18.org\/wp-content\/uploads\/2020\/12\/IMG_0724-copy-1-705x1024.jpg 705w, https:\/\/adlc18.org\/wp-content\/uploads\/2020\/12\/IMG_0724-copy-1-207x300.jpg 207w, https:\/\/adlc18.org\/wp-content\/uploads\/2020\/12\/IMG_0724-copy-1-768x1116.jpg 768w, https:\/\/adlc18.org\/wp-content\/uploads\/2020\/12\/IMG_0724-copy-1.jpg 1206w\" sizes=\"(max-width: 705px) 100vw, 705px\" \/><\/figure>\n\n\n\n<p>Les ambassadeurs de la citoyennet\u00e9, Sawa4 Beirut, Sahel Forum, PHCC Al Kayan and Window to environnement organisent l\u2019action \u00ab&nbsp;Sneak and Pick&nbsp;\u00bb&nbsp; <\/p>\n\n\n\n<p>Faisons que les &nbsp;portes de la solidarit\u00e9 deviennent dures \u00e0 fermer! Gardons-les grandes ouvertes en ces jours de f\u00eates et &nbsp;lan\u00e7ons ensemble une collecte d\u2019objets m\u00e9nagers, v\u00eatements, denr\u00e9es non-p\u00e9rissables &nbsp;et autres dons qui pourraient servir en ces moments difficiles. Unissons nos efforts pour mettre la joie dans les c\u0153urs des petits et des grands.<\/p>\n\n\n\n<p>\u062c\u0645\u0639\u064a\u0629 \u0633\u0641\u0631\u0627\u0621 \u0627\u0644\u0645\u0648\u0627\u0637\u0646\u0629 \u0648 \u0633\u0648\u0627 \u0641\u0648\u0631 \u0628\u064a\u0631\u0648\u062a, \u0645\u0631\u0643\u0632 \u0627\u0644\u0643\u064a\u0627\u0646 \u0627\u0644\u0637\u0628\u064a \u0648 \u0646\u0627\u0641\u0630\u0629 \u0639\u0644\u0649 \u0627\u0644\u0628\u064a\u0626\u0629 \u064a\u0646\u0638\u0645\u0648\u0646 \u062d\u0645\u0644\u0629&#8221; \u0646\u0642\u064a \u0648 \u0627\u0633\u062a\u062d\u0644\u064a&#8221; <\/p>\n\n\n\n<p>\u0641\u0644\u0646\u0639\u0645\u0644 \u0645\u0639\u0627 \u0639\u0644\u0649 \u062c\u0639\u0644 \u0623\u0628\u0648\u0627\u0628 \u0627\u0644\u062a\u0636\u0627\u0645\u0646 \u0639\u0635\u064a\u0629 \u0639\u0644\u0649 \u0627\u0644\u0625\u063a\u0644\u0627\u0642, \u0648\u0644\u0646\u0628\u0642\u0647\u0627 \u0645\u0634\u0631\u0639\u0629 \u0639\u0644\u0649 \u0627\u0644\u0639\u0637\u0627\u0621 \u0628\u0625\u0637\u0644\u0627\u0642 \u062d\u0645\u0644\u0629 \u062c\u0645\u0639 \u062a\u0628\u0631\u0639\u0627\u062a \u0639\u064a\u0646\u0628\u0629 \u0648 \u063a\u064a\u0631\u0647\u0627 \u0644\u0625\u062f\u062e\u0627\u0644 \u0627\u0644\u0633\u0639\u0627\u062f\u0629 \u0625\u0644\u06cc \u0642\u0644\u0648\u0628 \u0627\u0644\u0635\u063a\u0627\u0631 \u0648 \u0627\u0644\u0643\u0628\u0627\u0631.<\/p>\n\n\n\n<p>Ambassadors of citizenship, Sawa4Beirut, Al Kayan, Sahel Forum and Window to environment organize the initiative \u201cSneak and peek\u201d<\/p>\n\n\n\n<p>Let\u2019s make sure that doors of solidarity become impossible to close! Keep them open during those holidays to donate from what we already possess!&nbsp; Let\u2019s make the hearts of those in need smile again. <\/p>\n\n\n\n<h3><strong>To Donate <\/strong><\/h3>\n\n\n\n<p><strong>Contact Numbers: <\/strong><\/p>\n\n\n\n<ol><li><strong>03 813648 <\/strong><\/li><li><strong>03 736353 <\/strong><\/li><li><strong>03 754575<\/strong><\/li><li><strong>03 555 196<\/strong><\/li><\/ol>\n\n\n\n<p><strong>Bank Account:<\/strong><\/p>\n\n\n\n<p>Ambassadeurs de la Citoyennet\u00e9 ADLC<br>Banque Misr Liban S.A.L.<br>Beirut Lebanon<br>Swift Code: BMISLBBE<br>Account Number: 00402600000448<br>IBAN: USD: LB28 0003 0000 0000 4026 0000 0448<\/p>\n\n\n\n<hr class=\"wp-block-separator\"\/>\n\n\n\n<h2><strong>All for Beirut-A Borderless Exhibition<\/strong><\/h2>\n\n\n\n<p>An art exhibition is now available online. Beautiful paintings are drawn by the most creative young artists in Lebanon. The exhibition is prepared by ADLC, Sawa Beirut and Window to Environment. All proceeds will be donated to ADLC which will allocate the funds to the citizens affected by the massive explosion that happened on the 04th of August 2020. Thank you for the contribution and your sense of empathy. Greatly appreciated! To visit the website please click on the below link: <\/p>\n\n\n\n<div class=\"wp-block-button\"><a class=\"wp-block-button__link\" href=\"https:\/\/borderless.shopartless.com\">Click Here<\/a><\/div>\n\n\n\n<p>Ambassadeurs de la Citoyennet\u00e9 ADLC<br>Banque Misr Liban S.A.L.<br>Beirut Lebanon<br>Swift Code: BMISLBBE<br>Account Number: 00402600000448<br>IBAN: USD: LB28 0003 0000 0000 4026 0000 0448<\/p>\n\n\n\n<p><strong>You can purchase the art and donate the funds here. You can also donate without purchasing. Thank you<\/strong>.<\/p>\n\n\n\n<figure class=\"wp-block-image\"><img loading=\"lazy\" width=\"819\" height=\"1024\" src=\"https:\/\/adlc18.org\/wp-content\/uploads\/2020\/11\/748e3e25-4fcd-4cc1-af7c-31c982d2bf6b-819x1024.jpg\" alt=\"\" class=\"wp-image-483\" srcset=\"https:\/\/adlc18.org\/wp-content\/uploads\/2020\/11\/748e3e25-4fcd-4cc1-af7c-31c982d2bf6b.jpg 819w, https:\/\/adlc18.org\/wp-content\/uploads\/2020\/11\/748e3e25-4fcd-4cc1-af7c-31c982d2bf6b-240x300.jpg 240w, https:\/\/adlc18.org\/wp-content\/uploads\/2020\/11\/748e3e25-4fcd-4cc1-af7c-31c982d2bf6b-768x960.jpg 768w\" sizes=\"(max-width: 819px) 100vw, 819px\" \/><\/figure>\n\n\n\n<figure class=\"wp-block-image\"><img loading=\"lazy\" width=\"820\" height=\"1024\" src=\"https:\/\/adlc18.org\/wp-content\/uploads\/2020\/11\/28ce6fe6-c3ba-4061-aafb-752edac086a0-820x1024.jpg\" alt=\"\" class=\"wp-image-485\" srcset=\"https:\/\/adlc18.org\/wp-content\/uploads\/2020\/11\/28ce6fe6-c3ba-4061-aafb-752edac086a0.jpg 820w, https:\/\/adlc18.org\/wp-content\/uploads\/2020\/11\/28ce6fe6-c3ba-4061-aafb-752edac086a0-240x300.jpg 240w, https:\/\/adlc18.org\/wp-content\/uploads\/2020\/11\/28ce6fe6-c3ba-4061-aafb-752edac086a0-768x959.jpg 768w\" sizes=\"(max-width: 820px) 100vw, 820px\" \/><\/figure>\n\n\n\n<figure class=\"wp-block-image\"><img loading=\"lazy\" width=\"819\" height=\"1024\" src=\"https:\/\/adlc18.org\/wp-content\/uploads\/2020\/11\/cf196463-4ff2-4532-aac3-7fd503ada773-819x1024.jpg\" alt=\"\" class=\"wp-image-484\" srcset=\"https:\/\/adlc18.org\/wp-content\/uploads\/2020\/11\/cf196463-4ff2-4532-aac3-7fd503ada773.jpg 819w, https:\/\/adlc18.org\/wp-content\/uploads\/2020\/11\/cf196463-4ff2-4532-aac3-7fd503ada773-240x300.jpg 240w, https:\/\/adlc18.org\/wp-content\/uploads\/2020\/11\/cf196463-4ff2-4532-aac3-7fd503ada773-768x960.jpg 768w\" sizes=\"(max-width: 819px) 100vw, 819px\" \/><\/figure>\n\n\n\n<p>ADLC and Sawa4Beirut aim to help small and medium size businesses in the areas most affected by the August 4 blast.<\/p>\n\n\n\n<p><strong><em>Below is the families and businesses that ADLC and Sawa4Beirut helped:<\/em><\/strong><\/p>\n\n\n\n<p>1-Sassine, hairdresser-rmeil<br>2-Jad, showroom_rmeil<br>3-Kamal, barber-Mar michael<br>4-Jean, candle maker-qareintina<br>5-Fouad, taxi car<br>6-Mohamed, Sandwich street vendor &#8211; port<br>7-Charbel, upholster-mar Mikhael<br>8-Gaby, mini market -mar mikhael<br>9-Lena, fashion boutique &#8211; rmeil<br>10-Claudette, tailor &#8211; gemmayzeh<br>11-Bernard, Mini market-gemmayzeh<br>12-Paul, carpenter-qareintina<br>13-Kalil, laundry\/ tabaris<br>14-Mano, mechanic-qareintina<\/p>\n\n\n\n<p>Aide au loyer (mois de Septembre et d\u2019Octobre)<br>Nous avons pu Aider deux familles: Ata et Kabbabe tous habitants d\u2019Ashrafieh,<\/p>\n\n\n\n<p>Students of Today, Citizens of Tomorrow<br>Decision-makers of the Future<\/p>\n\n\n\n<p>Window to Environment, created in 1997 is associated to ADLC.<\/p>\n\n\n\n<p>ADLC is created under the title of  \u201cAmbassadors of Citizenship\u201d, an association governed by the act of august 9th, 1909, by Decree no 3 of 18\/12\/2016.<\/p>\n","protected":false},"excerpt":{"rendered":"<p>Sneak and Pick Les ambassadeurs de la citoyennet\u00e9, Sawa4 Beirut, Sahel Forum, PHCC Al Kayan and Window to environnement organisent l\u2019action \u00ab&nbsp;Sneak and Pick&nbsp;\u00bb&nbsp; Faisons que les &nbsp;portes de la solidarit\u00e9 deviennent dures \u00e0 fermer! Gardons-les grandes ouvertes en ces <a href=\"https:\/\/adlc18.org\/\"> Read more&#8230;<\/a><\/p>\n","protected":false},"author":1,"featured_media":0,"parent":0,"menu_order":0,"comment_status":"closed","ping_status":"closed","template":"","meta":[],"_links":{"self":[{"href":"https:\/\/adlc18.org\/index.php\/wp-json\/wp\/v2\/pages\/8"}],"collection":[{"href":"https:\/\/adlc18.org\/index.php\/wp-json\/wp\/v2\/pages"}],"about":[{"href":"https:\/\/adlc18.org\/index.php\/wp-json\/wp\/v2\/types\/page"}],"author":[{"embeddable":true,"href":"https:\/\/adlc18.org\/index.php\/wp-json\/wp\/v2\/users\/1"}],"replies":[{"embeddable":true,"href":"https:\/\/adlc18.org\/index.php\/wp-json\/wp\/v2\/comments?post=8"}],"version-history":[{"count":33,"href":"https:\/\/adlc18.org\/index.php\/wp-json\/wp\/v2\/pages\/8\/revisions"}],"predecessor-version":[{"id":611,"href":"https:\/\/adlc18.org\/index.php\/wp-json\/wp\/v2\/pages\/8\/revisions\/611"}],"wp:attachment":[{"href":"https:\/\/adlc18.org\/index.php\/wp-json\/wp\/v2\/media?parent=8"}],"curies":[{"name":"wp","href":"https:\/\/api.w.org\/{rel}","templated":true}]}}